{"id":84,"date":"2026-02-23T15:07:28","date_gmt":"2026-02-23T14:07:28","guid":{"rendered":"https:\/\/wp01.btsndrc-ifce.fr\/?page_id=84"},"modified":"2026-02-23T15:56:29","modified_gmt":"2026-02-23T14:56:29","slug":"examen-blanc","status":"publish","type":"page","link":"https:\/\/wp01.btsndrc-ifce.fr\/index.php\/examen-blanc\/","title":{"rendered":"EXAMEN BLANC"},"content":{"rendered":"\n<div class=\"wp-block-columns is-layout-flex wp-container-core-columns-is-layout-28f84493 wp-block-columns-is-layout-flex\">\n<div class=\"wp-block-column is-vertically-aligned-bottom is-style-default is-layout-flow wp-block-column-is-layout-flow\" style=\"border-style:none;border-width:0px;border-top-left-radius:0px;border-top-right-radius:0px;border-bottom-left-radius:0px;border-bottom-right-radius:0px;padding-top:0;padding-right:0;padding-bottom:0;padding-left:0\">\n<h1 class=\"wp-block-heading has-text-align-center has-text-color has-link-color wp-elements-930229eb20d997be9071ac5caca28b65\" style=\"color:#bc7d60\"><strong><em>GreenMood<\/em><\/strong><\/h1>\n<\/div>\n<\/div>\n\n\n\n<div class=\"wp-block-cover alignfull is-light\" style=\"min-height:323px;aspect-ratio:unset;\"><img loading=\"lazy\" decoding=\"async\" width=\"279\" height=\"181\" class=\"wp-block-cover__image-background wp-image-86 size-full\" alt=\"\" src=\"https:\/\/wp01.btsndrc-ifce.fr\/wp-content\/uploads\/2026\/02\/image-1.jpeg\" data-object-fit=\"cover\"\/><span aria-hidden=\"true\" class=\"wp-block-cover__background has-background-dim\" style=\"background-color:#8f816d\"><\/span><div class=\"wp-block-cover__inner-container is-layout-constrained wp-block-cover-is-layout-constrained\">\n<div class=\"wp-block-buttons is-content-justification-center is-layout-flex wp-container-core-buttons-is-layout-a89b3969 wp-block-buttons-is-layout-flex\">\n<div class=\"wp-block-button\"><a class=\"wp-block-button__link has-background wp-element-button\" style=\"background:linear-gradient(120deg,rgb(157,103,26) 0%,rgb(230,198,151) 100%)\">D\u00e9couvrir nos produits<\/a><\/div>\n<\/div>\n<\/div><\/div>\n\n\n\n<hr class=\"wp-block-separator alignfull has-alpha-channel-opacity\"\/>\n\n\n\n<h2 class=\"wp-block-heading has-text-align-center has-text-color has-link-color wp-elements-a960c5c004931aef2cba26de5dc56043\" style=\"color:#bc7d60\"><strong><em>Pourquoi choisir GreenMood ?<\/em><\/strong><\/h2>\n\n\n\n<p class=\"has-text-align-center is-style-text-annotation has-medium-font-size\"><span class=\"wp-rich-text-font-awesome-icon wp-font-awesome-icon\"><svg aria-hidden=\"true\" focusable=\"false\" data-prefix=\"fas\" data-icon=\"fire\" class=\"svg-inline--fa fa-fire fa-bounce \" role=\"img\" xmlns=\"http:\/\/www.w3.org\/2000\/svg\" viewBox=\"0 0 448 512\" color=\"#bc7d60\"><path fill=\"currentColor\" d=\"M160.5-26.4c9.3-7.8 23-7.5 31.9 .9 12.3 11.6 23.3 24.4 33.9 37.4 13.5 16.5 29.7 38.3 45.3 64.2 5.2-6.8 10-12.8 14.2-17.9 1.1-1.3 2.2-2.7 3.3-4.1 7.9-9.8 17.7-22.1 30.8-22.1 13.4 0 22.8 11.9 30.8 22.1 1.3 1.7 2.6 3.3 3.9 4.8 10.3 12.4 24 30.3 37.7 52.4 27.2 43.9 55.6 106.4 55.6 176.6 0 123.7-100.3 224-224 224S0 411.7 0 288c0-91.1 41.1-170 80.5-225 19.9-27.7 39.7-49.9 54.6-65.1 8.2-8.4 16.5-16.7 25.5-24.2zM225.7 416c25.3 0 47.7-7 68.8-21 42.1-29.4 53.4-88.2 28.1-134.4-4.5-9-16-9.6-22.5-2l-25.2 29.3c-6.6 7.6-18.5 7.4-24.7-.5-17.3-22.1-49.1-62.4-65.3-83-5.4-6.9-15.2-8-21.5-1.9-18.3 17.8-51.5 56.8-51.5 104.3 0 68.6 50.6 109.2 113.7 109.2z\"><\/path><\/svg><\/span>Des bougies v\u00e9g\u00e9tales qui respectent votre int\u00e9rieur et la plan\u00e8te<span class=\"wp-rich-text-font-awesome-icon wp-font-awesome-icon\"><svg aria-hidden=\"true\" focusable=\"false\" data-prefix=\"fas\" data-icon=\"fire\" class=\"svg-inline--fa fa-fire fa-bounce \" role=\"img\" xmlns=\"http:\/\/www.w3.org\/2000\/svg\" viewBox=\"0 0 448 512\" color=\"#bc7d60\"><path fill=\"currentColor\" d=\"M160.5-26.4c9.3-7.8 23-7.5 31.9 .9 12.3 11.6 23.3 24.4 33.9 37.4 13.5 16.5 29.7 38.3 45.3 64.2 5.2-6.8 10-12.8 14.2-17.9 1.1-1.3 2.2-2.7 3.3-4.1 7.9-9.8 17.7-22.1 30.8-22.1 13.4 0 22.8 11.9 30.8 22.1 1.3 1.7 2.6 3.3 3.9 4.8 10.3 12.4 24 30.3 37.7 52.4 27.2 43.9 55.6 106.4 55.6 176.6 0 123.7-100.3 224-224 224S0 411.7 0 288c0-91.1 41.1-170 80.5-225 19.9-27.7 39.7-49.9 54.6-65.1 8.2-8.4 16.5-16.7 25.5-24.2zM225.7 416c25.3 0 47.7-7 68.8-21 42.1-29.4 53.4-88.2 28.1-134.4-4.5-9-16-9.6-22.5-2l-25.2 29.3c-6.6 7.6-18.5 7.4-24.7-.5-17.3-22.1-49.1-62.4-65.3-83-5.4-6.9-15.2-8-21.5-1.9-18.3 17.8-51.5 56.8-51.5 104.3 0 68.6 50.6 109.2 113.7 109.2z\"><\/path><\/svg><\/span><\/p>\n\n\n\n<div class=\"wp-block-cover alignfull\" style=\"min-height:398px;aspect-ratio:unset;\"><img loading=\"lazy\" decoding=\"async\" width=\"275\" height=\"183\" class=\"wp-block-cover__image-background wp-image-89 size-full\" alt=\"\" src=\"https:\/\/wp01.btsndrc-ifce.fr\/wp-content\/uploads\/2026\/02\/image-2.jpeg\" data-object-fit=\"cover\"\/><span aria-hidden=\"true\" class=\"wp-block-cover__background has-background-dim\" style=\"background-color:#573d26\"><\/span><div class=\"wp-block-cover__inner-container is-layout-constrained wp-block-cover-is-layout-constrained\">\n<p class=\"has-text-align-center has-large-font-size\"><strong>Nos bougies comprennent : <\/strong><\/p>\n\n\n\n<p class=\"has-text-align-center\"><span class=\"wp-rich-text-font-awesome-icon wp-font-awesome-icon\"><svg aria-hidden=\"true\" focusable=\"false\" data-prefix=\"fas\" data-icon=\"angles-right\" class=\"svg-inline--fa fa-angles-right \" role=\"img\" xmlns=\"http:\/\/www.w3.org\/2000\/svg\" viewBox=\"0 0 448 512\"><path fill=\"currentColor\" d=\"M439.1 278.6c12.5-12.5 12.5-32.8 0-45.3l-160-160c-12.5-12.5-32.8-12.5-45.3 0s-12.5 32.8 0 45.3L371.2 256 233.9 393.4c-12.5 12.5-12.5 32.8 0 45.3s32.8 12.5 45.3 0l160-160zm-352 160l160-160c12.5-12.5 12.5-32.8 0-45.3l-160-160c-12.5-12.5-32.8-12.5-45.3 0s-12.5 32.8 0 45.3L179.2 256 41.9 393.4c-12.5 12.5-12.5 32.8 0 45.3s32.8 12.5 45.3 0z\"><\/path><\/svg><\/span> Cire 100% v\u00e9g\u00e9tale<\/p>\n\n\n\n<p class=\"has-text-align-center\"><span class=\"wp-rich-text-font-awesome-icon wp-font-awesome-icon\"><svg aria-hidden=\"true\" focusable=\"false\" data-prefix=\"fas\" data-icon=\"angles-right\" class=\"svg-inline--fa fa-angles-right \" role=\"img\" xmlns=\"http:\/\/www.w3.org\/2000\/svg\" viewBox=\"0 0 448 512\"><path fill=\"currentColor\" d=\"M439.1 278.6c12.5-12.5 12.5-32.8 0-45.3l-160-160c-12.5-12.5-32.8-12.5-45.3 0s-12.5 32.8 0 45.3L371.2 256 233.9 393.4c-12.5 12.5-12.5 32.8 0 45.3s32.8 12.5 45.3 0l160-160zm-352 160l160-160c12.5-12.5 12.5-32.8 0-45.3l-160-160c-12.5-12.5-32.8-12.5-45.3 0s-12.5 32.8 0 45.3L179.2 256 41.9 393.4c-12.5 12.5-12.5 32.8 0 45.3s32.8 12.5 45.3 0z\"><\/path><\/svg><\/span> Parfums naturels<\/p>\n\n\n\n<p class=\"has-text-align-center\"><span class=\"wp-rich-text-font-awesome-icon wp-font-awesome-icon\"><svg aria-hidden=\"true\" focusable=\"false\" data-prefix=\"fas\" data-icon=\"angles-right\" class=\"svg-inline--fa fa-angles-right \" role=\"img\" xmlns=\"http:\/\/www.w3.org\/2000\/svg\" viewBox=\"0 0 448 512\"><path fill=\"currentColor\" d=\"M439.1 278.6c12.5-12.5 12.5-32.8 0-45.3l-160-160c-12.5-12.5-32.8-12.5-45.3 0s-12.5 32.8 0 45.3L371.2 256 233.9 393.4c-12.5 12.5-12.5 32.8 0 45.3s32.8 12.5 45.3 0l160-160zm-352 160l160-160c12.5-12.5 12.5-32.8 0-45.3l-160-160c-12.5-12.5-32.8-12.5-45.3 0s-12.5 32.8 0 45.3L179.2 256 41.9 393.4c-12.5 12.5-12.5 32.8 0 45.3s32.8 12.5 45.3 0z\"><\/path><\/svg><\/span> Fabrication artisanale en France <\/p>\n<\/div><\/div>\n\n\n\n<p class=\"has-text-align-center is-style-text-annotation has-large-font-size\">VOTRE PRODUIT FAVORIS<\/p>\n\n\n\n<figure class=\"wp-block-image aligncenter size-large is-resized wp-duotone-unset-1\"><img loading=\"lazy\" decoding=\"async\" width=\"850\" height=\"280\" src=\"https:\/\/wp01.btsndrc-ifce.fr\/wp-content\/uploads\/2026\/02\/image-3.jpeg\" alt=\"\" class=\"wp-image-90\" style=\"aspect-ratio:3.0357405500808943;width:187px;height:auto\" srcset=\"https:\/\/wp01.btsndrc-ifce.fr\/wp-content\/uploads\/2026\/02\/image-3.jpeg 850w, https:\/\/wp01.btsndrc-ifce.fr\/wp-content\/uploads\/2026\/02\/image-3-300x99.jpeg 300w, https:\/\/wp01.btsndrc-ifce.fr\/wp-content\/uploads\/2026\/02\/image-3-768x253.jpeg 768w\" sizes=\"auto, (max-width: 850px) 100vw, 850px\" \/><\/figure>\n\n\n\n<div class=\"wp-block-media-text alignfull is-stacked-on-mobile\"><figure class=\"wp-block-media-text__media\"><img loading=\"lazy\" decoding=\"async\" width=\"1024\" height=\"1024\" src=\"https:\/\/wp01.btsndrc-ifce.fr\/wp-content\/uploads\/2026\/02\/image-1024x1024.png\" alt=\"\" class=\"wp-image-91 size-full\" srcset=\"https:\/\/wp01.btsndrc-ifce.fr\/wp-content\/uploads\/2026\/02\/image-1024x1024.png 1024w, https:\/\/wp01.btsndrc-ifce.fr\/wp-content\/uploads\/2026\/02\/image-300x300.png 300w, https:\/\/wp01.btsndrc-ifce.fr\/wp-content\/uploads\/2026\/02\/image-150x150.png 150w, https:\/\/wp01.btsndrc-ifce.fr\/wp-content\/uploads\/2026\/02\/image-768x768.png 768w, https:\/\/wp01.btsndrc-ifce.fr\/wp-content\/uploads\/2026\/02\/image.png 1100w\" sizes=\"auto, (max-width: 1024px) 100vw, 1024px\" \/><\/figure><div class=\"wp-block-media-text__content\">\n<p class=\"has-text-align-center\">Cette bougie vous permettra de voyager tout en restant \u00e0 la maison. Son parfum, fleur de jasmin, vous emporte aux 4 coins du monde \u00e0 petit prix.<\/p>\n\n\n\n<div class=\"wp-block-buttons is-content-justification-center is-layout-flex wp-container-core-buttons-is-layout-098cc607 wp-block-buttons-is-layout-flex\">\n<div class=\"wp-block-button\"><a class=\"wp-block-button__link has-background has-text-align-center wp-element-button\" style=\"background-color:#bc7d60\">Ajouter au panier <\/a><\/div>\n<\/div>\n<\/div><\/div>\n\n\n\n<hr class=\"wp-block-separator alignfull has-alpha-channel-opacity\"\/>\n\n\n\n<p><\/p>\n","protected":false},"excerpt":{"rendered":"<p>GreenMood Pourquoi choisir GreenMood ? Des bougies v\u00e9g\u00e9tales qui respectent votre int\u00e9rieur et la plan\u00e8te VOTRE PRODUIT FAVORIS<\/p>\n","protected":false},"author":1,"featured_media":0,"parent":0,"menu_order":0,"comment_status":"closed","ping_status":"closed","template":"","meta":{"_uag_custom_page_level_css":"","site-sidebar-layout":"default","site-content-layout":"","ast-site-content-layout":"default","site-content-style":"default","site-sidebar-style":"default","ast-global-header-display":"","ast-banner-title-visibility":"","ast-main-header-display":"","ast-hfb-above-header-display":"","ast-hfb-below-header-display":"","ast-hfb-mobile-header-display":"","site-post-title":"","ast-breadcrumbs-content":"","ast-featured-img":"","footer-sml-layout":"","ast-disable-related-posts":"","theme-transparent-header-meta":"","adv-header-id-meta":"","stick-header-meta":"","header-above-stick-meta":"","header-main-stick-meta":"","header-below-stick-meta":"","astra-migrate-meta-layouts":"default","ast-page-background-enabled":"default","ast-page-background-meta":{"desktop":{"background-color":"var(--ast-global-color-5)","background-image":"","background-repeat":"repeat","background-position":"center center","background-size":"auto","background-attachment":"scroll","background-type":"","background-media":"","overlay-type":"","overlay-color":"","overlay-opacity":"","overlay-gradient":""},"tablet":{"background-color":"","background-image":"","background-repeat":"repeat","background-position":"center center","background-size":"auto","background-attachment":"scroll","background-type":"","background-media":"","overlay-type":"","overlay-color":"","overlay-opacity":"","overlay-gradient":""},"mobile":{"background-color":"","background-image":"","background-repeat":"repeat","background-position":"center center","background-size":"auto","background-attachment":"scroll","background-type":"","background-media":"","overlay-type":"","overlay-color":"","overlay-opacity":"","overlay-gradient":""}},"ast-content-background-meta":{"desktop":{"background-color":"var(--ast-global-color-4)","background-image":"","background-repeat":"repeat","background-position":"center center","background-size":"auto","background-attachment":"scroll","background-type":"","background-media":"","overlay-type":"","overlay-color":"","overlay-opacity":"","overlay-gradient":""},"tablet":{"background-color":"var(--ast-global-color-4)","background-image":"","background-repeat":"repeat","background-position":"center center","background-size":"auto","background-attachment":"scroll","background-type":"","background-media":"","overlay-type":"","overlay-color":"","overlay-opacity":"","overlay-gradient":""},"mobile":{"background-color":"var(--ast-global-color-4)","background-image":"","background-repeat":"repeat","background-position":"center center","background-size":"auto","background-attachment":"scroll","background-type":"","background-media":"","overlay-type":"","overlay-color":"","overlay-opacity":"","overlay-gradient":""}},"footnotes":""},"class_list":["post-84","page","type-page","status-publish","hentry"],"yoast_head":"<!-- This site is optimized with the Yoast SEO plugin v27.2 - https:\/\/yoast.com\/product\/yoast-seo-wordpress\/ -->\n<title>EXAMEN BLANC - BTS NDRC - WordPress wp01<\/title>\n<meta name=\"robots\" content=\"index, follow, max-snippet:-1, max-image-preview:large, max-video-preview:-1\" \/>\n<link rel=\"canonical\" href=\"https:\/\/wp01.btsndrc-ifce.fr\/index.php\/examen-blanc\/\" \/>\n<meta property=\"og:locale\" content=\"fr_FR\" \/>\n<meta property=\"og:type\" content=\"article\" \/>\n<meta property=\"og:title\" content=\"EXAMEN BLANC - BTS NDRC - WordPress wp01\" \/>\n<meta property=\"og:description\" content=\"GreenMood Pourquoi choisir GreenMood ? Des bougies v\u00e9g\u00e9tales qui respectent votre int\u00e9rieur et la plan\u00e8te VOTRE PRODUIT FAVORIS\" \/>\n<meta property=\"og:url\" content=\"https:\/\/wp01.btsndrc-ifce.fr\/index.php\/examen-blanc\/\" \/>\n<meta property=\"og:site_name\" content=\"BTS NDRC - WordPress wp01\" \/>\n<meta property=\"article:modified_time\" content=\"2026-02-23T14:56:29+00:00\" \/>\n<meta property=\"og:image\" content=\"https:\/\/wp01.btsndrc-ifce.fr\/wp-content\/uploads\/2026\/02\/image-1.jpeg\" \/>\n\t<meta property=\"og:image:width\" content=\"279\" \/>\n\t<meta property=\"og:image:height\" content=\"181\" \/>\n\t<meta property=\"og:image:type\" content=\"image\/jpeg\" \/>\n<meta name=\"twitter:card\" content=\"summary_large_image\" \/>\n<script type=\"application\/ld+json\" class=\"yoast-schema-graph\">{\"@context\":\"https:\/\/schema.org\",\"@graph\":[{\"@type\":\"WebPage\",\"@id\":\"https:\/\/wp01.btsndrc-ifce.fr\/index.php\/examen-blanc\/\",\"url\":\"https:\/\/wp01.btsndrc-ifce.fr\/index.php\/examen-blanc\/\",\"name\":\"EXAMEN BLANC - BTS NDRC - WordPress wp01\",\"isPartOf\":{\"@id\":\"https:\/\/wp01.btsndrc-ifce.fr\/#website\"},\"primaryImageOfPage\":{\"@id\":\"https:\/\/wp01.btsndrc-ifce.fr\/index.php\/examen-blanc\/#primaryimage\"},\"image\":{\"@id\":\"https:\/\/wp01.btsndrc-ifce.fr\/index.php\/examen-blanc\/#primaryimage\"},\"thumbnailUrl\":\"https:\/\/wp01.btsndrc-ifce.fr\/wp-content\/uploads\/2026\/02\/image-1.jpeg\",\"datePublished\":\"2026-02-23T14:07:28+00:00\",\"dateModified\":\"2026-02-23T14:56:29+00:00\",\"breadcrumb\":{\"@id\":\"https:\/\/wp01.btsndrc-ifce.fr\/index.php\/examen-blanc\/#breadcrumb\"},\"inLanguage\":\"fr-FR\",\"potentialAction\":[{\"@type\":\"ReadAction\",\"target\":[\"https:\/\/wp01.btsndrc-ifce.fr\/index.php\/examen-blanc\/\"]}]},{\"@type\":\"ImageObject\",\"inLanguage\":\"fr-FR\",\"@id\":\"https:\/\/wp01.btsndrc-ifce.fr\/index.php\/examen-blanc\/#primaryimage\",\"url\":\"https:\/\/wp01.btsndrc-ifce.fr\/wp-content\/uploads\/2026\/02\/image-1.jpeg\",\"contentUrl\":\"https:\/\/wp01.btsndrc-ifce.fr\/wp-content\/uploads\/2026\/02\/image-1.jpeg\",\"width\":279,\"height\":181},{\"@type\":\"BreadcrumbList\",\"@id\":\"https:\/\/wp01.btsndrc-ifce.fr\/index.php\/examen-blanc\/#breadcrumb\",\"itemListElement\":[{\"@type\":\"ListItem\",\"position\":1,\"name\":\"Accueil\",\"item\":\"https:\/\/wp01.btsndrc-ifce.fr\/\"},{\"@type\":\"ListItem\",\"position\":2,\"name\":\"EXAMEN BLANC\"}]},{\"@type\":\"WebSite\",\"@id\":\"https:\/\/wp01.btsndrc-ifce.fr\/#website\",\"url\":\"https:\/\/wp01.btsndrc-ifce.fr\/\",\"name\":\"BTS NDRC - WordPress wp01\",\"description\":\"\",\"potentialAction\":[{\"@type\":\"SearchAction\",\"target\":{\"@type\":\"EntryPoint\",\"urlTemplate\":\"https:\/\/wp01.btsndrc-ifce.fr\/?s={search_term_string}\"},\"query-input\":{\"@type\":\"PropertyValueSpecification\",\"valueRequired\":true,\"valueName\":\"search_term_string\"}}],\"inLanguage\":\"fr-FR\"}]}<\/script>\n<!-- \/ Yoast SEO plugin. -->","yoast_head_json":{"title":"EXAMEN BLANC - BTS NDRC - WordPress wp01","robots":{"index":"index","follow":"follow","max-snippet":"max-snippet:-1","max-image-preview":"max-image-preview:large","max-video-preview":"max-video-preview:-1"},"canonical":"https:\/\/wp01.btsndrc-ifce.fr\/index.php\/examen-blanc\/","og_locale":"fr_FR","og_type":"article","og_title":"EXAMEN BLANC - BTS NDRC - WordPress wp01","og_description":"GreenMood Pourquoi choisir GreenMood ? Des bougies v\u00e9g\u00e9tales qui respectent votre int\u00e9rieur et la plan\u00e8te VOTRE PRODUIT FAVORIS","og_url":"https:\/\/wp01.btsndrc-ifce.fr\/index.php\/examen-blanc\/","og_site_name":"BTS NDRC - WordPress wp01","article_modified_time":"2026-02-23T14:56:29+00:00","og_image":[{"width":279,"height":181,"url":"https:\/\/wp01.btsndrc-ifce.fr\/wp-content\/uploads\/2026\/02\/image-1.jpeg","type":"image\/jpeg"}],"twitter_card":"summary_large_image","schema":{"@context":"https:\/\/schema.org","@graph":[{"@type":"WebPage","@id":"https:\/\/wp01.btsndrc-ifce.fr\/index.php\/examen-blanc\/","url":"https:\/\/wp01.btsndrc-ifce.fr\/index.php\/examen-blanc\/","name":"EXAMEN BLANC - BTS NDRC - WordPress wp01","isPartOf":{"@id":"https:\/\/wp01.btsndrc-ifce.fr\/#website"},"primaryImageOfPage":{"@id":"https:\/\/wp01.btsndrc-ifce.fr\/index.php\/examen-blanc\/#primaryimage"},"image":{"@id":"https:\/\/wp01.btsndrc-ifce.fr\/index.php\/examen-blanc\/#primaryimage"},"thumbnailUrl":"https:\/\/wp01.btsndrc-ifce.fr\/wp-content\/uploads\/2026\/02\/image-1.jpeg","datePublished":"2026-02-23T14:07:28+00:00","dateModified":"2026-02-23T14:56:29+00:00","breadcrumb":{"@id":"https:\/\/wp01.btsndrc-ifce.fr\/index.php\/examen-blanc\/#breadcrumb"},"inLanguage":"fr-FR","potentialAction":[{"@type":"ReadAction","target":["https:\/\/wp01.btsndrc-ifce.fr\/index.php\/examen-blanc\/"]}]},{"@type":"ImageObject","inLanguage":"fr-FR","@id":"https:\/\/wp01.btsndrc-ifce.fr\/index.php\/examen-blanc\/#primaryimage","url":"https:\/\/wp01.btsndrc-ifce.fr\/wp-content\/uploads\/2026\/02\/image-1.jpeg","contentUrl":"https:\/\/wp01.btsndrc-ifce.fr\/wp-content\/uploads\/2026\/02\/image-1.jpeg","width":279,"height":181},{"@type":"BreadcrumbList","@id":"https:\/\/wp01.btsndrc-ifce.fr\/index.php\/examen-blanc\/#breadcrumb","itemListElement":[{"@type":"ListItem","position":1,"name":"Accueil","item":"https:\/\/wp01.btsndrc-ifce.fr\/"},{"@type":"ListItem","position":2,"name":"EXAMEN BLANC"}]},{"@type":"WebSite","@id":"https:\/\/wp01.btsndrc-ifce.fr\/#website","url":"https:\/\/wp01.btsndrc-ifce.fr\/","name":"BTS NDRC - WordPress wp01","description":"","potentialAction":[{"@type":"SearchAction","target":{"@type":"EntryPoint","urlTemplate":"https:\/\/wp01.btsndrc-ifce.fr\/?s={search_term_string}"},"query-input":{"@type":"PropertyValueSpecification","valueRequired":true,"valueName":"search_term_string"}}],"inLanguage":"fr-FR"}]}},"uagb_featured_image_src":{"full":false,"thumbnail":false,"medium":false,"medium_large":false,"large":false,"1536x1536":false,"2048x2048":false},"uagb_author_info":{"display_name":"ndrc_wp01","author_link":"https:\/\/wp01.btsndrc-ifce.fr\/index.php\/author\/ndrc_wp01\/"},"uagb_comment_info":0,"uagb_excerpt":"GreenMood Pourquoi choisir GreenMood ? Des bougies v\u00e9g\u00e9tales qui respectent votre int\u00e9rieur et la plan\u00e8te VOTRE PRODUIT FAVORIS","_links":{"self":[{"href":"https:\/\/wp01.btsndrc-ifce.fr\/index.php\/wp-json\/wp\/v2\/pages\/84","targetHints":{"allow":["GET"]}}],"collection":[{"href":"https:\/\/wp01.btsndrc-ifce.fr\/index.php\/wp-json\/wp\/v2\/pages"}],"about":[{"href":"https:\/\/wp01.btsndrc-ifce.fr\/index.php\/wp-json\/wp\/v2\/types\/page"}],"author":[{"embeddable":true,"href":"https:\/\/wp01.btsndrc-ifce.fr\/index.php\/wp-json\/wp\/v2\/users\/1"}],"replies":[{"embeddable":true,"href":"https:\/\/wp01.btsndrc-ifce.fr\/index.php\/wp-json\/wp\/v2\/comments?post=84"}],"version-history":[{"count":5,"href":"https:\/\/wp01.btsndrc-ifce.fr\/index.php\/wp-json\/wp\/v2\/pages\/84\/revisions"}],"predecessor-version":[{"id":96,"href":"https:\/\/wp01.btsndrc-ifce.fr\/index.php\/wp-json\/wp\/v2\/pages\/84\/revisions\/96"}],"wp:attachment":[{"href":"https:\/\/wp01.btsndrc-ifce.fr\/index.php\/wp-json\/wp\/v2\/media?parent=84"}],"curies":[{"name":"wp","href":"https:\/\/api.w.org\/{rel}","templated":true}]}}