{"id":10,"date":"2026-01-15T14:11:15","date_gmt":"2026-01-15T13:11:15","guid":{"rendered":"https:\/\/wp01.btsndrc-ifce.fr\/?page_id=10"},"modified":"2026-01-22T08:30:21","modified_gmt":"2026-01-22T07:30:21","slug":"accueil","status":"publish","type":"page","link":"https:\/\/wp01.btsndrc-ifce.fr\/index.php\/accueil\/","title":{"rendered":"ACCUEIL"},"content":{"rendered":"\n<div class=\"wp-block-cover alignwide has-parallax is-repeated\" style=\"border-style:none;border-width:0px;border-top-left-radius:0px;border-top-right-radius:0px;border-bottom-left-radius:0px;border-bottom-right-radius:0px;padding-right:var(--wp--preset--spacing--40);padding-left:var(--wp--preset--spacing--40);min-height:550px;aspect-ratio:unset;\"><div class=\"wp-block-cover__image-background wp-image-15 size-full has-parallax is-repeated\" style=\"background-position:86% 57%;background-image:url(https:\/\/wp01.btsndrc-ifce.fr\/wp-content\/uploads\/2026\/01\/IMAGE-WORDPRESS-MG.jpg)\"><\/div><span aria-hidden=\"true\" class=\"wp-block-cover__background has-background-dim-60 has-background-dim\" style=\"background-color:#5e2e3a\"><\/span><div class=\"wp-block-cover__inner-container is-layout-constrained wp-container-core-cover-is-layout-2a65f837 wp-block-cover-is-layout-constrained\">\n<h2 class=\"wp-block-heading alignwide has-text-align-center is-style-text-annotation has-xx-large-font-size\"><strong>MG MOTOR<\/strong><\/h2>\n\n\n\n<p class=\"has-text-align-center\">VOTRE CONCESSIONAIRE DEPUIS 2020 <\/p>\n<\/div><\/div>\n\n\n\n<div class=\"wp-block-columns is-layout-flex wp-container-core-columns-is-layout-28f84493 wp-block-columns-is-layout-flex\">\n<div class=\"wp-block-column is-layout-flow wp-block-column-is-layout-flow\">\n<figure class=\"wp-block-image size-full\"><img loading=\"lazy\" decoding=\"async\" width=\"600\" height=\"375\" src=\"https:\/\/wp01.btsndrc-ifce.fr\/wp-content\/uploads\/2026\/01\/IMAGE-MG-WORDPRESS-ANCIENNE-VOITURE.avif\" alt=\"\" class=\"wp-image-24\" style=\"aspect-ratio:1;object-fit:cover\" srcset=\"https:\/\/wp01.btsndrc-ifce.fr\/wp-content\/uploads\/2026\/01\/IMAGE-MG-WORDPRESS-ANCIENNE-VOITURE.avif 600w, https:\/\/wp01.btsndrc-ifce.fr\/wp-content\/uploads\/2026\/01\/IMAGE-MG-WORDPRESS-ANCIENNE-VOITURE-300x188.jpg 300w\" sizes=\"auto, (max-width: 600px) 100vw, 600px\" \/><\/figure>\n<\/div>\n\n\n\n<div class=\"wp-block-column is-layout-flow wp-block-column-is-layout-flow\">\n<p class=\"is-style-text-display has-medium-font-size\">Depuis son retour en 2020, MG s\u00e9duit les conducteurs fran\u00e7ais avec des v\u00e9hicules modernes, \u00e9lectriques et accessibles. Alliant design innovant, technologies de pointe et excellent rapport qualit\u00e9-prix, MG s\u2019impose rapidement comme une marque incontournable. Notre r\u00e9seau en pleine expansion vous permet de d\u00e9couvrir et d\u2019adopter facilement nos mod\u00e8les, tout en b\u00e9n\u00e9ficiant d\u2019un service de proximit\u00e9 et de qualit\u00e9. Rejoignez l\u2019aventure MG et vivez la mobilit\u00e9 de demain d\u00e8s aujourd\u2019hui !<\/p>\n<\/div>\n<\/div>\n\n\n\n<p><\/p>\n","protected":false},"excerpt":{"rendered":"<p>Depuis son retour en 2020, MG s\u00e9duit les conducteurs fran\u00e7ais avec des v\u00e9hicules modernes, \u00e9lectriques et accessibles. Alliant design innovant, [&hellip;]<\/p>\n","protected":false},"author":1,"featured_media":0,"parent":0,"menu_order":0,"comment_status":"closed","ping_status":"closed","template":"","meta":{"_uag_custom_page_level_css":"","site-sidebar-layout":"default","site-content-layout":"","ast-site-content-layout":"default","site-content-style":"default","site-sidebar-style":"default","ast-global-header-display":"","ast-banner-title-visibility":"","ast-main-header-display":"","ast-hfb-above-header-display":"","ast-hfb-below-header-display":"","ast-hfb-mobile-header-display":"","site-post-title":"","ast-breadcrumbs-content":"","ast-featured-img":"","footer-sml-layout":"","ast-disable-related-posts":"","theme-transparent-header-meta":"","adv-header-id-meta":"","stick-header-meta":"","header-above-stick-meta":"","header-main-stick-meta":"","header-below-stick-meta":"","astra-migrate-meta-layouts":"default","ast-page-background-enabled":"default","ast-page-background-meta":{"desktop":{"background-color":"var(--ast-global-color-5)","background-image":"","background-repeat":"repeat","background-position":"center center","background-size":"auto","background-attachment":"scroll","background-type":"","background-media":"","overlay-type":"","overlay-color":"","overlay-opacity":"","overlay-gradient":""},"tablet":{"background-color":"","background-image":"","background-repeat":"repeat","background-position":"center center","background-size":"auto","background-attachment":"scroll","background-type":"","background-media":"","overlay-type":"","overlay-color":"","overlay-opacity":"","overlay-gradient":""},"mobile":{"background-color":"","background-image":"","background-repeat":"repeat","background-position":"center center","background-size":"auto","background-attachment":"scroll","background-type":"","background-media":"","overlay-type":"","overlay-color":"","overlay-opacity":"","overlay-gradient":""}},"ast-content-background-meta":{"desktop":{"background-color":"var(--ast-global-color-4)","background-image":"","background-repeat":"repeat","background-position":"center center","background-size":"auto","background-attachment":"scroll","background-type":"","background-media":"","overlay-type":"","overlay-color":"","overlay-opacity":"","overlay-gradient":""},"tablet":{"background-color":"var(--ast-global-color-4)","background-image":"","background-repeat":"repeat","background-position":"center center","background-size":"auto","background-attachment":"scroll","background-type":"","background-media":"","overlay-type":"","overlay-color":"","overlay-opacity":"","overlay-gradient":""},"mobile":{"background-color":"var(--ast-global-color-4)","background-image":"","background-repeat":"repeat","background-position":"center center","background-size":"auto","background-attachment":"scroll","background-type":"","background-media":"","overlay-type":"","overlay-color":"","overlay-opacity":"","overlay-gradient":""}},"footnotes":""},"class_list":["post-10","page","type-page","status-publish","hentry"],"yoast_head":"<!-- This site is optimized with the Yoast SEO plugin v27.2 - https:\/\/yoast.com\/product\/yoast-seo-wordpress\/ -->\n<title>ACCUEIL - BTS NDRC - WordPress wp01<\/title>\n<meta name=\"robots\" content=\"index, follow, max-snippet:-1, max-image-preview:large, max-video-preview:-1\" \/>\n<link rel=\"canonical\" href=\"https:\/\/wp01.btsndrc-ifce.fr\/index.php\/accueil\/\" \/>\n<meta property=\"og:locale\" content=\"fr_FR\" \/>\n<meta property=\"og:type\" content=\"article\" \/>\n<meta property=\"og:title\" content=\"ACCUEIL - BTS NDRC - WordPress wp01\" \/>\n<meta property=\"og:description\" content=\"Depuis son retour en 2020, MG s\u00e9duit les conducteurs fran\u00e7ais avec des v\u00e9hicules modernes, \u00e9lectriques et accessibles. Alliant design innovant, [&hellip;]\" \/>\n<meta property=\"og:url\" content=\"https:\/\/wp01.btsndrc-ifce.fr\/index.php\/accueil\/\" \/>\n<meta property=\"og:site_name\" content=\"BTS NDRC - WordPress wp01\" \/>\n<meta property=\"article:modified_time\" content=\"2026-01-22T07:30:21+00:00\" \/>\n<meta name=\"twitter:card\" content=\"summary_large_image\" \/>\n<script type=\"application\/ld+json\" class=\"yoast-schema-graph\">{\"@context\":\"https:\/\/schema.org\",\"@graph\":[{\"@type\":\"WebPage\",\"@id\":\"https:\/\/wp01.btsndrc-ifce.fr\/index.php\/accueil\/\",\"url\":\"https:\/\/wp01.btsndrc-ifce.fr\/index.php\/accueil\/\",\"name\":\"ACCUEIL - BTS NDRC - WordPress wp01\",\"isPartOf\":{\"@id\":\"https:\/\/wp01.btsndrc-ifce.fr\/#website\"},\"primaryImageOfPage\":{\"@id\":\"https:\/\/wp01.btsndrc-ifce.fr\/index.php\/accueil\/#primaryimage\"},\"image\":{\"@id\":\"https:\/\/wp01.btsndrc-ifce.fr\/index.php\/accueil\/#primaryimage\"},\"thumbnailUrl\":\"https:\/\/wp01.btsndrc-ifce.fr\/wp-content\/uploads\/2026\/01\/IMAGE-MG-WORDPRESS-ANCIENNE-VOITURE.avif\",\"datePublished\":\"2026-01-15T13:11:15+00:00\",\"dateModified\":\"2026-01-22T07:30:21+00:00\",\"breadcrumb\":{\"@id\":\"https:\/\/wp01.btsndrc-ifce.fr\/index.php\/accueil\/#breadcrumb\"},\"inLanguage\":\"fr-FR\",\"potentialAction\":[{\"@type\":\"ReadAction\",\"target\":[\"https:\/\/wp01.btsndrc-ifce.fr\/index.php\/accueil\/\"]}]},{\"@type\":\"ImageObject\",\"inLanguage\":\"fr-FR\",\"@id\":\"https:\/\/wp01.btsndrc-ifce.fr\/index.php\/accueil\/#primaryimage\",\"url\":\"https:\/\/wp01.btsndrc-ifce.fr\/wp-content\/uploads\/2026\/01\/IMAGE-MG-WORDPRESS-ANCIENNE-VOITURE.avif\",\"contentUrl\":\"https:\/\/wp01.btsndrc-ifce.fr\/wp-content\/uploads\/2026\/01\/IMAGE-MG-WORDPRESS-ANCIENNE-VOITURE.avif\",\"width\":600,\"height\":375},{\"@type\":\"BreadcrumbList\",\"@id\":\"https:\/\/wp01.btsndrc-ifce.fr\/index.php\/accueil\/#breadcrumb\",\"itemListElement\":[{\"@type\":\"ListItem\",\"position\":1,\"name\":\"Accueil\",\"item\":\"https:\/\/wp01.btsndrc-ifce.fr\/\"},{\"@type\":\"ListItem\",\"position\":2,\"name\":\"ACCUEIL\"}]},{\"@type\":\"WebSite\",\"@id\":\"https:\/\/wp01.btsndrc-ifce.fr\/#website\",\"url\":\"https:\/\/wp01.btsndrc-ifce.fr\/\",\"name\":\"BTS NDRC - WordPress wp01\",\"description\":\"\",\"potentialAction\":[{\"@type\":\"SearchAction\",\"target\":{\"@type\":\"EntryPoint\",\"urlTemplate\":\"https:\/\/wp01.btsndrc-ifce.fr\/?s={search_term_string}\"},\"query-input\":{\"@type\":\"PropertyValueSpecification\",\"valueRequired\":true,\"valueName\":\"search_term_string\"}}],\"inLanguage\":\"fr-FR\"}]}<\/script>\n<!-- \/ Yoast SEO plugin. -->","yoast_head_json":{"title":"ACCUEIL - BTS NDRC - WordPress wp01","robots":{"index":"index","follow":"follow","max-snippet":"max-snippet:-1","max-image-preview":"max-image-preview:large","max-video-preview":"max-video-preview:-1"},"canonical":"https:\/\/wp01.btsndrc-ifce.fr\/index.php\/accueil\/","og_locale":"fr_FR","og_type":"article","og_title":"ACCUEIL - BTS NDRC - WordPress wp01","og_description":"Depuis son retour en 2020, MG s\u00e9duit les conducteurs fran\u00e7ais avec des v\u00e9hicules modernes, \u00e9lectriques et accessibles. Alliant design innovant, [&hellip;]","og_url":"https:\/\/wp01.btsndrc-ifce.fr\/index.php\/accueil\/","og_site_name":"BTS NDRC - WordPress wp01","article_modified_time":"2026-01-22T07:30:21+00:00","twitter_card":"summary_large_image","schema":{"@context":"https:\/\/schema.org","@graph":[{"@type":"WebPage","@id":"https:\/\/wp01.btsndrc-ifce.fr\/index.php\/accueil\/","url":"https:\/\/wp01.btsndrc-ifce.fr\/index.php\/accueil\/","name":"ACCUEIL - BTS NDRC - WordPress wp01","isPartOf":{"@id":"https:\/\/wp01.btsndrc-ifce.fr\/#website"},"primaryImageOfPage":{"@id":"https:\/\/wp01.btsndrc-ifce.fr\/index.php\/accueil\/#primaryimage"},"image":{"@id":"https:\/\/wp01.btsndrc-ifce.fr\/index.php\/accueil\/#primaryimage"},"thumbnailUrl":"https:\/\/wp01.btsndrc-ifce.fr\/wp-content\/uploads\/2026\/01\/IMAGE-MG-WORDPRESS-ANCIENNE-VOITURE.avif","datePublished":"2026-01-15T13:11:15+00:00","dateModified":"2026-01-22T07:30:21+00:00","breadcrumb":{"@id":"https:\/\/wp01.btsndrc-ifce.fr\/index.php\/accueil\/#breadcrumb"},"inLanguage":"fr-FR","potentialAction":[{"@type":"ReadAction","target":["https:\/\/wp01.btsndrc-ifce.fr\/index.php\/accueil\/"]}]},{"@type":"ImageObject","inLanguage":"fr-FR","@id":"https:\/\/wp01.btsndrc-ifce.fr\/index.php\/accueil\/#primaryimage","url":"https:\/\/wp01.btsndrc-ifce.fr\/wp-content\/uploads\/2026\/01\/IMAGE-MG-WORDPRESS-ANCIENNE-VOITURE.avif","contentUrl":"https:\/\/wp01.btsndrc-ifce.fr\/wp-content\/uploads\/2026\/01\/IMAGE-MG-WORDPRESS-ANCIENNE-VOITURE.avif","width":600,"height":375},{"@type":"BreadcrumbList","@id":"https:\/\/wp01.btsndrc-ifce.fr\/index.php\/accueil\/#breadcrumb","itemListElement":[{"@type":"ListItem","position":1,"name":"Accueil","item":"https:\/\/wp01.btsndrc-ifce.fr\/"},{"@type":"ListItem","position":2,"name":"ACCUEIL"}]},{"@type":"WebSite","@id":"https:\/\/wp01.btsndrc-ifce.fr\/#website","url":"https:\/\/wp01.btsndrc-ifce.fr\/","name":"BTS NDRC - WordPress wp01","description":"","potentialAction":[{"@type":"SearchAction","target":{"@type":"EntryPoint","urlTemplate":"https:\/\/wp01.btsndrc-ifce.fr\/?s={search_term_string}"},"query-input":{"@type":"PropertyValueSpecification","valueRequired":true,"valueName":"search_term_string"}}],"inLanguage":"fr-FR"}]}},"uagb_featured_image_src":{"full":false,"thumbnail":false,"medium":false,"medium_large":false,"large":false,"1536x1536":false,"2048x2048":false},"uagb_author_info":{"display_name":"ndrc_wp01","author_link":"https:\/\/wp01.btsndrc-ifce.fr\/index.php\/author\/ndrc_wp01\/"},"uagb_comment_info":0,"uagb_excerpt":"Depuis son retour en 2020, MG s\u00e9duit les conducteurs fran\u00e7ais avec des v\u00e9hicules modernes, \u00e9lectriques et accessibles. Alliant design innovant, [&hellip;]","_links":{"self":[{"href":"https:\/\/wp01.btsndrc-ifce.fr\/index.php\/wp-json\/wp\/v2\/pages\/10","targetHints":{"allow":["GET"]}}],"collection":[{"href":"https:\/\/wp01.btsndrc-ifce.fr\/index.php\/wp-json\/wp\/v2\/pages"}],"about":[{"href":"https:\/\/wp01.btsndrc-ifce.fr\/index.php\/wp-json\/wp\/v2\/types\/page"}],"author":[{"embeddable":true,"href":"https:\/\/wp01.btsndrc-ifce.fr\/index.php\/wp-json\/wp\/v2\/users\/1"}],"replies":[{"embeddable":true,"href":"https:\/\/wp01.btsndrc-ifce.fr\/index.php\/wp-json\/wp\/v2\/comments?post=10"}],"version-history":[{"count":8,"href":"https:\/\/wp01.btsndrc-ifce.fr\/index.php\/wp-json\/wp\/v2\/pages\/10\/revisions"}],"predecessor-version":[{"id":35,"href":"https:\/\/wp01.btsndrc-ifce.fr\/index.php\/wp-json\/wp\/v2\/pages\/10\/revisions\/35"}],"wp:attachment":[{"href":"https:\/\/wp01.btsndrc-ifce.fr\/index.php\/wp-json\/wp\/v2\/media?parent=10"}],"curies":[{"name":"wp","href":"https:\/\/api.w.org\/{rel}","templated":true}]}}